{"id":5,"date":"2016-02-05T16:40:30","date_gmt":"2016-02-05T16:40:30","guid":{"rendered":"https:\/\/localhost\/divinacharco\/?page_id=5"},"modified":"2022-04-06T17:36:31","modified_gmt":"2022-04-06T17:36:31","slug":"el-restaurante","status":"publish","type":"page","link":"https:\/\/divinaitalia.com.es\/el-charco\/el-restaurante\/","title":{"rendered":"El Restaurante"},"content":{"rendered":"\n<h3 class=\"wp-block-heading\">Divina Italia (El Charco)<\/h3>\n\n\n\n<h2 class=\"wp-block-heading\">Restaurante Italiano en Arrecife &#8211; Lanzarote<\/h2>\n\n\n<div class=\"row\">\n<div class=\"large-6 columns wow fadeInLeft\" data-wow-delay=\"0.5s\">\n<div class='fotorama--wp' data-columns='0'data-allowfullscreen='true'data-nav='thumbs'data-ids='74,75,76,77,78,79,80,81,82,84,85,86,87,88,89,90,91,92,93,94,96,97,98,99,100'data-link='file'data-itemtag='dl'data-icontag='dt'data-captiontag='dd'data-size='large'data-width='1024'data-auto='false'data-max-width='100%'data-ratio='1.4992679355783'><div id='gallery-1' class='gallery galleryid-5 gallery-columns-0 gallery-size-thumbnail'><dl class='gallery-item'>\n\t\t\t<dt class='gallery-icon landscape'>\n\t\t\t\t<a href='https:\/\/divinaitalia.com.es\/el-charco\/wp-content\/uploads\/restaurante-1-1024x683.jpg' data-full='https:\/\/divinaitalia.com.es\/el-charco\/wp-content\/uploads\/restaurante-1.jpg'><img loading=\"lazy\" decoding=\"async\" width=\"150\" height=\"150\" src=\"https:\/\/divinaitalia.com.es\/el-charco\/wp-content\/uploads\/restaurante-1-150x150.jpg\" class=\"attachment-thumbnail size-thumbnail\" alt=\"\" \/><\/a>\n\t\t\t<\/dt><\/dl><dl class='gallery-item'>\n\t\t\t<dt class='gallery-icon landscape'>\n\t\t\t\t<a href='https:\/\/divinaitalia.com.es\/el-charco\/wp-content\/uploads\/res-1-1024x683.jpg' data-full='https:\/\/divinaitalia.com.es\/el-charco\/wp-content\/uploads\/res-1.jpg'><img loading=\"lazy\" decoding=\"async\" width=\"150\" height=\"150\" src=\"https:\/\/divinaitalia.com.es\/el-charco\/wp-content\/uploads\/res-1-150x150.jpg\" class=\"attachment-thumbnail size-thumbnail\" alt=\"\" \/><\/a>\n\t\t\t<\/dt><\/dl><dl class='gallery-item'>\n\t\t\t<dt class='gallery-icon landscape'>\n\t\t\t\t<a href='https:\/\/divinaitalia.com.es\/el-charco\/wp-content\/uploads\/res-2-1024x683.jpg' data-full='https:\/\/divinaitalia.com.es\/el-charco\/wp-content\/uploads\/res-2.jpg'><img loading=\"lazy\" decoding=\"async\" width=\"150\" height=\"150\" src=\"https:\/\/divinaitalia.com.es\/el-charco\/wp-content\/uploads\/res-2-150x150.jpg\" class=\"attachment-thumbnail size-thumbnail\" alt=\"\" \/><\/a>\n\t\t\t<\/dt><\/dl><dl class='gallery-item'>\n\t\t\t<dt class='gallery-icon portrait'>\n\t\t\t\t<a href='https:\/\/divinaitalia.com.es\/el-charco\/wp-content\/uploads\/res-3-731x1024.jpg' data-full='https:\/\/divinaitalia.com.es\/el-charco\/wp-content\/uploads\/res-3.jpg'><img loading=\"lazy\" decoding=\"async\" width=\"150\" height=\"150\" src=\"https:\/\/divinaitalia.com.es\/el-charco\/wp-content\/uploads\/res-3-150x150.jpg\" class=\"attachment-thumbnail size-thumbnail\" alt=\"\" \/><\/a>\n\t\t\t<\/dt><\/dl><dl class='gallery-item'>\n\t\t\t<dt class='gallery-icon landscape'>\n\t\t\t\t<a href='https:\/\/divinaitalia.com.es\/el-charco\/wp-content\/uploads\/res-4-1024x683.jpg' data-full='https:\/\/divinaitalia.com.es\/el-charco\/wp-content\/uploads\/res-4.jpg'><img loading=\"lazy\" decoding=\"async\" width=\"150\" height=\"150\" src=\"https:\/\/divinaitalia.com.es\/el-charco\/wp-content\/uploads\/res-4-150x150.jpg\" class=\"attachment-thumbnail size-thumbnail\" alt=\"\" \/><\/a>\n\t\t\t<\/dt><\/dl><dl class='gallery-item'>\n\t\t\t<dt class='gallery-icon landscape'>\n\t\t\t\t<a href='https:\/\/divinaitalia.com.es\/el-charco\/wp-content\/uploads\/res-5-1024x683.jpg' data-full='https:\/\/divinaitalia.com.es\/el-charco\/wp-content\/uploads\/res-5.jpg'><img loading=\"lazy\" decoding=\"async\" width=\"150\" height=\"150\" src=\"https:\/\/divinaitalia.com.es\/el-charco\/wp-content\/uploads\/res-5-150x150.jpg\" class=\"attachment-thumbnail size-thumbnail\" alt=\"\" \/><\/a>\n\t\t\t<\/dt><\/dl><dl class='gallery-item'>\n\t\t\t<dt class='gallery-icon portrait'>\n\t\t\t\t<a href='https:\/\/divinaitalia.com.es\/el-charco\/wp-content\/uploads\/res-6-683x1024.jpg' data-full='https:\/\/divinaitalia.com.es\/el-charco\/wp-content\/uploads\/res-6.jpg'><img loading=\"lazy\" decoding=\"async\" width=\"150\" height=\"150\" src=\"https:\/\/divinaitalia.com.es\/el-charco\/wp-content\/uploads\/res-6-150x150.jpg\" class=\"attachment-thumbnail size-thumbnail\" alt=\"\" \/><\/a>\n\t\t\t<\/dt><\/dl><dl class='gallery-item'>\n\t\t\t<dt class='gallery-icon landscape'>\n\t\t\t\t<a href='https:\/\/divinaitalia.com.es\/el-charco\/wp-content\/uploads\/res-7-1024x683.jpg' data-full='https:\/\/divinaitalia.com.es\/el-charco\/wp-content\/uploads\/res-7.jpg'><img loading=\"lazy\" decoding=\"async\" width=\"150\" height=\"150\" src=\"https:\/\/divinaitalia.com.es\/el-charco\/wp-content\/uploads\/res-7-150x150.jpg\" class=\"attachment-thumbnail size-thumbnail\" alt=\"\" \/><\/a>\n\t\t\t<\/dt><\/dl><dl class='gallery-item'>\n\t\t\t<dt class='gallery-icon landscape'>\n\t\t\t\t<a href='https:\/\/divinaitalia.com.es\/el-charco\/wp-content\/uploads\/res-8-1024x736.jpg' data-full='https:\/\/divinaitalia.com.es\/el-charco\/wp-content\/uploads\/res-8.jpg'><img loading=\"lazy\" decoding=\"async\" width=\"150\" height=\"150\" src=\"https:\/\/divinaitalia.com.es\/el-charco\/wp-content\/uploads\/res-8-150x150.jpg\" class=\"attachment-thumbnail size-thumbnail\" alt=\"\" \/><\/a>\n\t\t\t<\/dt><\/dl><dl class='gallery-item'>\n\t\t\t<dt class='gallery-icon portrait'>\n\t\t\t\t<a href='https:\/\/divinaitalia.com.es\/el-charco\/wp-content\/uploads\/res-9-683x1024.jpg' data-full='https:\/\/divinaitalia.com.es\/el-charco\/wp-content\/uploads\/res-9.jpg'><img loading=\"lazy\" decoding=\"async\" width=\"150\" height=\"150\" src=\"https:\/\/divinaitalia.com.es\/el-charco\/wp-content\/uploads\/res-9-150x150.jpg\" class=\"attachment-thumbnail size-thumbnail\" alt=\"\" \/><\/a>\n\t\t\t<\/dt><\/dl><dl class='gallery-item'>\n\t\t\t<dt class='gallery-icon landscape'>\n\t\t\t\t<a href='https:\/\/divinaitalia.com.es\/el-charco\/wp-content\/uploads\/res-10-1024x683.jpg' data-full='https:\/\/divinaitalia.com.es\/el-charco\/wp-content\/uploads\/res-10.jpg'><img loading=\"lazy\" decoding=\"async\" width=\"150\" height=\"150\" src=\"https:\/\/divinaitalia.com.es\/el-charco\/wp-content\/uploads\/res-10-150x150.jpg\" class=\"attachment-thumbnail size-thumbnail\" alt=\"\" \/><\/a>\n\t\t\t<\/dt><\/dl><dl class='gallery-item'>\n\t\t\t<dt class='gallery-icon landscape'>\n\t\t\t\t<a href='https:\/\/divinaitalia.com.es\/el-charco\/wp-content\/uploads\/res11-1024x683.jpg' data-full='https:\/\/divinaitalia.com.es\/el-charco\/wp-content\/uploads\/res11.jpg'><img loading=\"lazy\" decoding=\"async\" width=\"150\" height=\"150\" src=\"https:\/\/divinaitalia.com.es\/el-charco\/wp-content\/uploads\/res11-150x150.jpg\" class=\"attachment-thumbnail size-thumbnail\" alt=\"\" \/><\/a>\n\t\t\t<\/dt><\/dl><dl class='gallery-item'>\n\t\t\t<dt class='gallery-icon landscape'>\n\t\t\t\t<a href='https:\/\/divinaitalia.com.es\/el-charco\/wp-content\/uploads\/res12-1024x683.jpg' data-full='https:\/\/divinaitalia.com.es\/el-charco\/wp-content\/uploads\/res12.jpg'><img loading=\"lazy\" decoding=\"async\" width=\"150\" height=\"150\" src=\"https:\/\/divinaitalia.com.es\/el-charco\/wp-content\/uploads\/res12-150x150.jpg\" class=\"attachment-thumbnail size-thumbnail\" alt=\"\" \/><\/a>\n\t\t\t<\/dt><\/dl><dl class='gallery-item'>\n\t\t\t<dt class='gallery-icon portrait'>\n\t\t\t\t<a href='https:\/\/divinaitalia.com.es\/el-charco\/wp-content\/uploads\/res13-683x1024.jpg' data-full='https:\/\/divinaitalia.com.es\/el-charco\/wp-content\/uploads\/res13.jpg'><img loading=\"lazy\" decoding=\"async\" width=\"150\" height=\"150\" src=\"https:\/\/divinaitalia.com.es\/el-charco\/wp-content\/uploads\/res13-150x150.jpg\" class=\"attachment-thumbnail size-thumbnail\" alt=\"\" \/><\/a>\n\t\t\t<\/dt><\/dl><dl class='gallery-item'>\n\t\t\t<dt class='gallery-icon landscape'>\n\t\t\t\t<a href='https:\/\/divinaitalia.com.es\/el-charco\/wp-content\/uploads\/res14-1024x683.jpg' data-full='https:\/\/divinaitalia.com.es\/el-charco\/wp-content\/uploads\/res14.jpg'><img loading=\"lazy\" decoding=\"async\" width=\"150\" height=\"150\" src=\"https:\/\/divinaitalia.com.es\/el-charco\/wp-content\/uploads\/res14-150x150.jpg\" class=\"attachment-thumbnail size-thumbnail\" alt=\"\" \/><\/a>\n\t\t\t<\/dt><\/dl><dl class='gallery-item'>\n\t\t\t<dt class='gallery-icon portrait'>\n\t\t\t\t<a href='https:\/\/divinaitalia.com.es\/el-charco\/wp-content\/uploads\/res15-683x1024.jpg' data-full='https:\/\/divinaitalia.com.es\/el-charco\/wp-content\/uploads\/res15.jpg'><img loading=\"lazy\" decoding=\"async\" width=\"150\" height=\"150\" src=\"https:\/\/divinaitalia.com.es\/el-charco\/wp-content\/uploads\/res15-150x150.jpg\" class=\"attachment-thumbnail size-thumbnail\" alt=\"\" \/><\/a>\n\t\t\t<\/dt><\/dl><dl class='gallery-item'>\n\t\t\t<dt class='gallery-icon landscape'>\n\t\t\t\t<a href='https:\/\/divinaitalia.com.es\/el-charco\/wp-content\/uploads\/res16-1024x683.jpg' data-full='https:\/\/divinaitalia.com.es\/el-charco\/wp-content\/uploads\/res16.jpg'><img loading=\"lazy\" decoding=\"async\" width=\"150\" height=\"150\" src=\"https:\/\/divinaitalia.com.es\/el-charco\/wp-content\/uploads\/res16-150x150.jpg\" class=\"attachment-thumbnail size-thumbnail\" alt=\"\" \/><\/a>\n\t\t\t<\/dt><\/dl><dl class='gallery-item'>\n\t\t\t<dt class='gallery-icon landscape'>\n\t\t\t\t<a href='https:\/\/divinaitalia.com.es\/el-charco\/wp-content\/uploads\/res17-1024x683.jpg' data-full='https:\/\/divinaitalia.com.es\/el-charco\/wp-content\/uploads\/res17.jpg'><img loading=\"lazy\" decoding=\"async\" width=\"150\" height=\"150\" src=\"https:\/\/divinaitalia.com.es\/el-charco\/wp-content\/uploads\/res17-150x150.jpg\" class=\"attachment-thumbnail size-thumbnail\" alt=\"\" \/><\/a>\n\t\t\t<\/dt><\/dl><dl class='gallery-item'>\n\t\t\t<dt class='gallery-icon landscape'>\n\t\t\t\t<a href='https:\/\/divinaitalia.com.es\/el-charco\/wp-content\/uploads\/res18-1024x683.jpg' data-full='https:\/\/divinaitalia.com.es\/el-charco\/wp-content\/uploads\/res18.jpg'><img loading=\"lazy\" decoding=\"async\" width=\"150\" height=\"150\" src=\"https:\/\/divinaitalia.com.es\/el-charco\/wp-content\/uploads\/res18-150x150.jpg\" class=\"attachment-thumbnail size-thumbnail\" alt=\"\" \/><\/a>\n\t\t\t<\/dt><\/dl><dl class='gallery-item'>\n\t\t\t<dt class='gallery-icon landscape'>\n\t\t\t\t<a href='https:\/\/divinaitalia.com.es\/el-charco\/wp-content\/uploads\/res19-1024x683.jpg' data-full='https:\/\/divinaitalia.com.es\/el-charco\/wp-content\/uploads\/res19.jpg'><img loading=\"lazy\" decoding=\"async\" width=\"150\" height=\"150\" src=\"https:\/\/divinaitalia.com.es\/el-charco\/wp-content\/uploads\/res19-150x150.jpg\" class=\"attachment-thumbnail size-thumbnail\" alt=\"\" \/><\/a>\n\t\t\t<\/dt><\/dl><dl class='gallery-item'>\n\t\t\t<dt class='gallery-icon landscape'>\n\t\t\t\t<a href='https:\/\/divinaitalia.com.es\/el-charco\/wp-content\/uploads\/ext-5-1024x682.jpg' data-full='https:\/\/divinaitalia.com.es\/el-charco\/wp-content\/uploads\/ext-5.jpg'><img loading=\"lazy\" decoding=\"async\" width=\"150\" height=\"150\" src=\"https:\/\/divinaitalia.com.es\/el-charco\/wp-content\/uploads\/ext-5-150x150.jpg\" class=\"attachment-thumbnail size-thumbnail\" alt=\"\" \/><\/a>\n\t\t\t<\/dt><\/dl><dl class='gallery-item'>\n\t\t\t<dt class='gallery-icon landscape'>\n\t\t\t\t<a href='https:\/\/divinaitalia.com.es\/el-charco\/wp-content\/uploads\/ext-1-1024x683.jpg' data-full='https:\/\/divinaitalia.com.es\/el-charco\/wp-content\/uploads\/ext-1.jpg'><img loading=\"lazy\" decoding=\"async\" width=\"150\" height=\"150\" src=\"https:\/\/divinaitalia.com.es\/el-charco\/wp-content\/uploads\/ext-1-150x150.jpg\" class=\"attachment-thumbnail size-thumbnail\" alt=\"\" \/><\/a>\n\t\t\t<\/dt><\/dl><dl class='gallery-item'>\n\t\t\t<dt class='gallery-icon landscape'>\n\t\t\t\t<a href='https:\/\/divinaitalia.com.es\/el-charco\/wp-content\/uploads\/ext-2-1024x683.jpg' data-full='https:\/\/divinaitalia.com.es\/el-charco\/wp-content\/uploads\/ext-2.jpg'><img loading=\"lazy\" decoding=\"async\" width=\"150\" height=\"150\" src=\"https:\/\/divinaitalia.com.es\/el-charco\/wp-content\/uploads\/ext-2-150x150.jpg\" class=\"attachment-thumbnail size-thumbnail\" alt=\"\" \/><\/a>\n\t\t\t<\/dt><\/dl><dl class='gallery-item'>\n\t\t\t<dt class='gallery-icon landscape'>\n\t\t\t\t<a href='https:\/\/divinaitalia.com.es\/el-charco\/wp-content\/uploads\/ext-3-1024x683.jpg' data-full='https:\/\/divinaitalia.com.es\/el-charco\/wp-content\/uploads\/ext-3.jpg'><img loading=\"lazy\" decoding=\"async\" width=\"150\" height=\"150\" src=\"https:\/\/divinaitalia.com.es\/el-charco\/wp-content\/uploads\/ext-3-150x150.jpg\" class=\"attachment-thumbnail size-thumbnail\" alt=\"\" \/><\/a>\n\t\t\t<\/dt><\/dl><dl class='gallery-item'>\n\t\t\t<dt class='gallery-icon portrait'>\n\t\t\t\t<a href='https:\/\/divinaitalia.com.es\/el-charco\/wp-content\/uploads\/ext-4-683x1024.jpg' data-full='https:\/\/divinaitalia.com.es\/el-charco\/wp-content\/uploads\/ext-4.jpg'><img loading=\"lazy\" decoding=\"async\" width=\"150\" height=\"150\" src=\"https:\/\/divinaitalia.com.es\/el-charco\/wp-content\/uploads\/ext-4-150x150.jpg\" class=\"attachment-thumbnail size-thumbnail\" alt=\"\" \/><\/a>\n\t\t\t<\/dt><\/dl>\n\t\t<\/div>\n<\/div>\n<\/div>\n<div class=\"large-6 columns wow fadeInRight data-wow-delay=\">\n<blockquote>\n<p>Bienvenidos al sitio web del restaurante Divina Italia <em>El Charco<\/em> en Arrecife de Lanzarote. El restaurante fue abierto en el a\u00f1o 2015 fruto de un intenso trabajo, pasi\u00f3n y muchas ganas de llevar nuestra identidad a una zona tan emblem\u00e1tica como es El Charco de San Gin\u00e9s.<\/p>\n<p>Queremos ofrecer un concepto moderno y global de cocina italiana de alta calidad.<\/p>\n<p>La cuidada decoraci\u00f3n del restaurante transporta a sus visitantes a la esencia de la cultura italiana. Adem\u00e1s de ofrecer una experiencia \u00fanica para todos los sentidos.<\/p>\n<\/blockquote>\n<\/div>\n<\/div>","protected":false},"excerpt":{"rendered":"<p>Divina Italia (El Charco) Restaurante Italiano en Arrecife &#8211; Lanzarote Bienvenidos al sitio web del [&hellip;]<\/p>\n","protected":false},"author":1,"featured_media":29,"parent":0,"menu_order":0,"comment_status":"closed","ping_status":"closed","template":"page-full.php","meta":{"footnotes":""},"class_list":["post-5","page","type-page","status-publish","has-post-thumbnail","hentry"],"aioseo_notices":[],"_links":{"self":[{"href":"https:\/\/divinaitalia.com.es\/el-charco\/wp-json\/wp\/v2\/pages\/5","targetHints":{"allow":["GET"]}}],"collection":[{"href":"https:\/\/divinaitalia.com.es\/el-charco\/wp-json\/wp\/v2\/pages"}],"about":[{"href":"https:\/\/divinaitalia.com.es\/el-charco\/wp-json\/wp\/v2\/types\/page"}],"author":[{"embeddable":true,"href":"https:\/\/divinaitalia.com.es\/el-charco\/wp-json\/wp\/v2\/users\/1"}],"replies":[{"embeddable":true,"href":"https:\/\/divinaitalia.com.es\/el-charco\/wp-json\/wp\/v2\/comments?post=5"}],"version-history":[{"count":14,"href":"https:\/\/divinaitalia.com.es\/el-charco\/wp-json\/wp\/v2\/pages\/5\/revisions"}],"predecessor-version":[{"id":491,"href":"https:\/\/divinaitalia.com.es\/el-charco\/wp-json\/wp\/v2\/pages\/5\/revisions\/491"}],"wp:featuredmedia":[{"embeddable":true,"href":"https:\/\/divinaitalia.com.es\/el-charco\/wp-json\/wp\/v2\/media\/29"}],"wp:attachment":[{"href":"https:\/\/divinaitalia.com.es\/el-charco\/wp-json\/wp\/v2\/media?parent=5"}],"curies":[{"name":"wp","href":"https:\/\/api.w.org\/{rel}","templated":true}]}}